{"id":88,"date":"2025-05-18T22:14:59","date_gmt":"2025-05-18T22:14:59","guid":{"rendered":"http:\/\/serwiscnc-jag.pl\/?page_id=88"},"modified":"2025-05-19T20:50:20","modified_gmt":"2025-05-19T20:50:20","slug":"oferta","status":"publish","type":"page","link":"http:\/\/serwiscnc-jag.pl\/index.php\/oferta\/","title":{"rendered":"Oferta"},"content":{"rendered":"\n<p><strong>Serwis CNC Jaros\u0142aw Glacel\u2013 szybko, profesjonalnie, 24\/7<\/strong><\/p>\n\n\n\n<p>Oferujemy kompleksowy serwis maszyn CNC z dojazdem do klienta na terenie ca\u0142ej Polski i Europy. Specjalizujemy si\u0119 w naprawie, konserwacji i modernizacji centr\u00f3w obr\u00f3bczych, tokarek, frezarek oraz innych maszyn sterowanych numerycznie. Zapewniamy szybki czas reakcji, fachow\u0105 pomoc, profesjonalne wsparcie techniczne oraz dost\u0119p do oryginalnych cz\u0119\u015bci zamiennych lub wysokiej jako\u015bci zamiennik\u00f3w.<\/p>\n\n\n\n<p>Nasze us\u0142ugi obejmuj\u0105:<\/p>\n\n\n\n<ul class=\"wp-block-list\">\n<li>diagnostyk\u0119 i naprawy mechaniczne, elektryczne i elektroniczne,<\/li>\n<\/ul>\n\n\n\n<ul class=\"wp-block-list\">\n<li>przegl\u0105dy techniczne i konserwacj\u0119 prewencyjn\u0105,<\/li>\n<\/ul>\n\n\n\n<ul class=\"wp-block-list\">\n<li>kalibracj\u0119 i ustawianie geometrii maszyn,<\/li>\n<\/ul>\n\n\n\n<ul class=\"wp-block-list\">\n<li>wymian\u0119 i regeneracj\u0119 podzespo\u0142\u00f3w (wrzeciona, prowadnice, serwonap\u0119dy, enkodery),<\/li>\n<\/ul>\n\n\n\n<ul class=\"wp-block-list\">\n<li>aktualizacj\u0119 oprogramowania oraz sterownik\u00f3w CNC,<\/li>\n<\/ul>\n\n\n\n<ul class=\"wp-block-list\">\n<li>modernizacje sterowania i optymalizacj\u0119 pracy maszyn,<\/li>\n<\/ul>\n\n\n\n<ul class=\"wp-block-list\">\n<li>szkolenia operator\u00f3w i doradztwo techniczne.<\/li>\n<\/ul>\n\n\n\n<p>Obs\u0142ugujemy maszyny takich marek jak: EMAG, Scherer, Schuster, SW, DMG Mori, Haas. Na sterowaniach: Fanuc, Siemens, Heidenhain, Fagor i wiele innych. Pracujemy na oryginalnych cz\u0119\u015bciach lub sprawdzonych zamiennikach renomowanych producent\u00f3w.<\/p>\n\n\n\n<p>Dzi\u0119ki naszemu do\u015bwiadczeniu i zaanga\u017cowaniu pomagamy zminimalizowa\u0107 przestoje oraz utrzyma\u0107 ci\u0105g\u0142o\u015b\u0107 produkcji na najwy\u017cszym poziomie.<\/p>\n\n\n\n<p><strong>Zaufaj specjalistom \u2013 postaw na niezawodno\u015b\u0107 Twoich maszyn!<\/strong><\/p>\n\n\n\n<p><\/p>\n\n\n\n<p><a href=\"http:\/\/serwiscnc-jag.pl\/\">POWR\u00d3T<\/a><\/p>\n","protected":false},"excerpt":{"rendered":"<p>Serwis CNC Jaros\u0142aw Glacel\u2013 szybko, profesjonalnie, 24\/7 Oferujemy kompleksowy serwis maszyn CNC z dojazdem do klienta na terenie ca\u0142ej Polski i Europy. Specjalizujemy si\u0119 w naprawie, konserwacji i modernizacji centr\u00f3w obr\u00f3bczych, tokarek, frezarek oraz innych maszyn sterowanych numerycznie. Zapewniamy szybki czas reakcji, fachow\u0105 pomoc, profesjonalne wsparcie techniczne oraz dost\u0119p do oryginalnych cz\u0119\u015bci zamiennych lub wysokiej [&hellip;]<\/p>\n","protected":false},"author":1,"featured_media":0,"parent":0,"menu_order":0,"comment_status":"closed","ping_status":"closed","template":"","meta":{"footnotes":""},"class_list":["post-88","page","type-page","status-publish","hentry"],"_links":{"self":[{"href":"http:\/\/serwiscnc-jag.pl\/index.php\/wp-json\/wp\/v2\/pages\/88","targetHints":{"allow":["GET"]}}],"collection":[{"href":"http:\/\/serwiscnc-jag.pl\/index.php\/wp-json\/wp\/v2\/pages"}],"about":[{"href":"http:\/\/serwiscnc-jag.pl\/index.php\/wp-json\/wp\/v2\/types\/page"}],"author":[{"embeddable":true,"href":"http:\/\/serwiscnc-jag.pl\/index.php\/wp-json\/wp\/v2\/users\/1"}],"replies":[{"embeddable":true,"href":"http:\/\/serwiscnc-jag.pl\/index.php\/wp-json\/wp\/v2\/comments?post=88"}],"version-history":[{"count":3,"href":"http:\/\/serwiscnc-jag.pl\/index.php\/wp-json\/wp\/v2\/pages\/88\/revisions"}],"predecessor-version":[{"id":113,"href":"http:\/\/serwiscnc-jag.pl\/index.php\/wp-json\/wp\/v2\/pages\/88\/revisions\/113"}],"wp:attachment":[{"href":"http:\/\/serwiscnc-jag.pl\/index.php\/wp-json\/wp\/v2\/media?parent=88"}],"curies":[{"name":"wp","href":"https:\/\/api.w.org\/{rel}","templated":true}]}}